{"id":313,"date":"2020-12-16T09:18:50","date_gmt":"2020-12-16T09:18:50","guid":{"rendered":"https:\/\/aliade.eu\/?page_id=313"},"modified":"2020-12-18T10:35:00","modified_gmt":"2020-12-18T10:35:00","slug":"asesoria-contable","status":"publish","type":"page","link":"https:\/\/aliade.eu\/index.php\/asesoria-contable\/","title":{"rendered":"Asesor\u00eda mercantil y contable"},"content":{"rendered":"\t\t<div data-elementor-type=\"wp-page\" data-elementor-id=\"313\" class=\"elementor elementor-313\" data-elementor-settings=\"[]\">\n\t\t\t\t\t\t<div class=\"elementor-inner\">\n\t\t\t\t\t\t\t<div class=\"elementor-section-wrap\">\n\t\t\t\t\t\t\t<section class=\"elementor-section elementor-top-section elementor-element elementor-element-3ad135c5 elementor-section-full_width elementor-section-height-default elementor-section-height-default\" data-id=\"3ad135c5\" data-element_type=\"section\">\n\t\t\t\t\t\t<div class=\"elementor-container elementor-column-gap-default\">\n\t\t\t\t\t\t\t<div class=\"elementor-row\">\n\t\t\t\t\t<div class=\"elementor-column elementor-col-50 elementor-top-column elementor-element elementor-element-5639a66d\" data-id=\"5639a66d\" data-element_type=\"column\">\n\t\t\t<div class=\"elementor-column-wrap elementor-element-populated\">\n\t\t\t\t\t\t\t<div class=\"elementor-widget-wrap\">\n\t\t\t\t\t\t<div class=\"elementor-element elementor-element-37495a5f elementor-widget elementor-widget-heading\" data-id=\"37495a5f\" data-element_type=\"widget\" data-widget_type=\"heading.default\">\n\t\t\t\t<div class=\"elementor-widget-container\">\n\t\t\t<h1 class=\"elementor-heading-title elementor-size-default\">asesor\u00eda <b> mercantil y contable<\/b><\/h1>\t\t<\/div>\n\t\t\t\t<\/div>\n\t\t\t\t<div class=\"elementor-element elementor-element-6b0d860f elementor-widget elementor-widget-text-editor\" data-id=\"6b0d860f\" data-element_type=\"widget\" data-widget_type=\"text-editor.default\">\n\t\t\t\t<div class=\"elementor-widget-container\">\n\t\t\t\t\t<div class=\"elementor-text-editor elementor-clearfix\"><p>Aliade asesora a sus clientes en todas las \u00e1reas propias de la pr\u00e1ctica mercantil, adapt\u00e1ndonos a las diversas formas jur\u00eddicas propias de cada cliente.\u00a0<\/p><p>Nuestros servicios abarcan:<\/p><ul><li>Constituciones, fusiones y adquisiciones empresariales.\u00a0<\/li><li>Ampliaciones y reducciones de capital.\u00a0<\/li><li>Contrataci\u00f3n mercantil.\u00a0<\/li><li>Resoluci\u00f3n de conflictos.\u00a0<\/li><li>Asistencia en Juntas y Consejos de Administraci\u00f3n.\u00a0<\/li><\/ul><p>Dentro del \u00e1rea mercantil se incluyen tambi\u00e9n los tr\u00e1mites que han de realizarse en el Registro Mercantil de manera peri\u00f3dica para cumplir con lo establecido en el C\u00f3digo de Comercio, siendo \u00e9stas:<\/p><ul><li>Confecci\u00f3n de Libros oficiales de Contabilidad y tramitaci\u00f3n de su legalizaci\u00f3n.\u00a0<\/li><li>Confecci\u00f3n de los Libros de Socios oficiales y tramitaci\u00f3n de su legalizaci\u00f3n.\u00a0<\/li><li>Elaboraci\u00f3n y presentaci\u00f3n de las Cuentas Anuales.<\/li><li>Redacci\u00f3n de las Actas que apruebe la Junta General para poder elaborar y tramitar el Libro de Actas en el Registro Mercantil.\u00a0<\/li><\/ul><\/div>\n\t\t\t\t<\/div>\n\t\t\t\t<\/div>\n\t\t\t\t\t\t<\/div>\n\t\t\t\t\t<\/div>\n\t\t<\/div>\n\t\t\t\t<div class=\"elementor-column elementor-col-50 elementor-top-column elementor-element elementor-element-7ed5372f\" data-id=\"7ed5372f\" data-element_type=\"column\">\n\t\t\t<div class=\"elementor-column-wrap\">\n\t\t\t\t\t\t\t<div class=\"elementor-widget-wrap\">\n\t\t\t\t\t\t\t\t<\/div>\n\t\t\t\t\t<\/div>\n\t\t<\/div>\n\t\t\t\t\t\t\t\t<\/div>\n\t\t\t\t\t<\/div>\n\t\t<\/section>\n\t\t\t\t\t\t<\/div>\n\t\t\t\t\t\t<\/div>\n\t\t\t\t\t<\/div>\n\t\t","protected":false},"excerpt":{"rendered":"<p>asesor\u00eda mercantil y contable Aliade asesora a sus clientes en todas las \u00e1reas propias de la pr\u00e1ctica mercantil, adapt\u00e1ndonos a las diversas formas jur\u00eddicas propias de cada cliente.\u00a0 Nuestros servicios abarcan: Constituciones, fusiones y adquisiciones empresariales.\u00a0 Ampliaciones y reducciones de capital.\u00a0 Contrataci\u00f3n mercantil.\u00a0 Resoluci\u00f3n de conflictos.\u00a0 Asistencia en Juntas y Consejos de Administraci\u00f3n.\u00a0 Dentro del &hellip;<\/p>\n<p class=\"read-more\"> <a class=\"\" href=\"https:\/\/aliade.eu\/index.php\/asesoria-contable\/\"> <span class=\"screen-reader-text\">Asesor\u00eda mercantil y contable<\/span> Leer m\u00e1s &raquo;<\/a><\/p>\n","protected":false},"author":2,"featured_media":0,"parent":0,"menu_order":0,"comment_status":"closed","ping_status":"closed","template":"","meta":[],"_links":{"self":[{"href":"https:\/\/aliade.eu\/index.php\/wp-json\/wp\/v2\/pages\/313"}],"collection":[{"href":"https:\/\/aliade.eu\/index.php\/wp-json\/wp\/v2\/pages"}],"about":[{"href":"https:\/\/aliade.eu\/index.php\/wp-json\/wp\/v2\/types\/page"}],"author":[{"embeddable":true,"href":"https:\/\/aliade.eu\/index.php\/wp-json\/wp\/v2\/users\/2"}],"replies":[{"embeddable":true,"href":"https:\/\/aliade.eu\/index.php\/wp-json\/wp\/v2\/comments?post=313"}],"version-history":[{"count":17,"href":"https:\/\/aliade.eu\/index.php\/wp-json\/wp\/v2\/pages\/313\/revisions"}],"predecessor-version":[{"id":466,"href":"https:\/\/aliade.eu\/index.php\/wp-json\/wp\/v2\/pages\/313\/revisions\/466"}],"wp:attachment":[{"href":"https:\/\/aliade.eu\/index.php\/wp-json\/wp\/v2\/media?parent=313"}],"curies":[{"name":"wp","href":"https:\/\/api.w.org\/{rel}","templated":true}]}}